{"id":2633,"date":"2026-01-26T09:21:14","date_gmt":"2026-01-26T07:21:14","guid":{"rendered":"https:\/\/vikenpelti.fi\/?page_id=2633"},"modified":"2026-01-26T09:24:09","modified_gmt":"2026-01-26T07:24:09","slug":"kattohuolto","status":"publish","type":"page","link":"https:\/\/vikenpelti.fi\/index.php\/kattohuolto\/","title":{"rendered":"Kattohuolto"},"content":{"rendered":"\t\t<div data-elementor-type=\"wp-page\" data-elementor-id=\"2633\" class=\"elementor elementor-2633\" data-elementor-post-type=\"page\">\n\t\t\t\t\t\t<section class=\"elementor-section elementor-top-section elementor-element elementor-element-6e427ad elementor-section-boxed elementor-section-height-default elementor-section-height-default\" data-id=\"6e427ad\" data-element_type=\"section\" data-settings=\"{&quot;background_background&quot;:&quot;classic&quot;,&quot;background_motion_fx_motion_fx_scrolling&quot;:&quot;yes&quot;,&quot;background_motion_fx_scale_effect&quot;:&quot;yes&quot;,&quot;background_motion_fx_scale_direction&quot;:&quot;out-in&quot;,&quot;background_motion_fx_scale_speed&quot;:{&quot;unit&quot;:&quot;px&quot;,&quot;size&quot;:4,&quot;sizes&quot;:[]},&quot;background_motion_fx_scale_range&quot;:{&quot;unit&quot;:&quot;%&quot;,&quot;size&quot;:&quot;&quot;,&quot;sizes&quot;:{&quot;start&quot;:20,&quot;end&quot;:80}},&quot;background_motion_fx_devices&quot;:[&quot;desktop&quot;,&quot;tablet&quot;,&quot;mobile&quot;]}\">\n\t\t\t\t\t\t\t<div class=\"elementor-background-overlay\"><\/div>\n\t\t\t\t\t\t\t<div class=\"elementor-container elementor-column-gap-default\">\n\t\t\t\t\t<div class=\"elementor-column elementor-col-50 elementor-top-column elementor-element elementor-element-bdbbf29\" data-id=\"bdbbf29\" data-element_type=\"column\">\n\t\t\t<div class=\"elementor-widget-wrap elementor-element-populated\">\n\t\t\t\t\t\t<div class=\"elementor-element elementor-element-a17b04e elementor-widget elementor-widget-heading\" data-id=\"a17b04e\" data-element_type=\"widget\" data-widget_type=\"heading.default\">\n\t\t\t\t<div class=\"elementor-widget-container\">\n\t\t\t\t\t<h2 class=\"elementor-heading-title elementor-size-default\">Kattohuolto Jyv\u00e4skyl\u00e4 &amp; Keski-Suomi<\/h2>\t\t\t\t<\/div>\n\t\t\t\t<\/div>\n\t\t\t\t<div class=\"elementor-element elementor-element-03cda83 elementor-widget elementor-widget-text-editor\" data-id=\"03cda83\" data-element_type=\"widget\" data-widget_type=\"text-editor.default\">\n\t\t\t\t<div class=\"elementor-widget-container\">\n\t\t\t\t\t\t\t\t\t<p>S\u00e4\u00e4nn\u00f6llinen kattohuolto on edullisin tapa varmistaa kiinteist\u00f6n arvon s\u00e4ilyminen ja v\u00e4ltt\u00e4\u00e4 kalliit kattoremontit ennenaikaisesti. Viken Pelti tarjoaa ammattitaitoista kattohuoltoa ja kattoturvatarkastuksia niin omakotitaloasukkaille, taloyhti\u00f6ille kuin yrityksillekin koko Keski-Suomen alueella.<\/p>\t\t\t\t\t\t\t\t<\/div>\n\t\t\t\t<\/div>\n\t\t\t\t<div class=\"elementor-element elementor-element-4b255dd elementor-widget__width-initial elementor-widget-mobile__width-inherit elementor-widget elementor-widget-button\" data-id=\"4b255dd\" data-element_type=\"widget\" data-widget_type=\"button.default\">\n\t\t\t\t<div class=\"elementor-widget-container\">\n\t\t\t\t\t\t\t\t\t<div class=\"elementor-button-wrapper\">\n\t\t\t\t\t<a class=\"elementor-button elementor-button-link elementor-size-sm\" href=\"https:\/\/vikenpelti.fi\/index.php\/yhteystiedot\/\">\n\t\t\t\t\t\t<span class=\"elementor-button-content-wrapper\">\n\t\t\t\t\t\t<span class=\"elementor-button-icon\">\n\t\t\t\t<svg aria-hidden=\"true\" class=\"e-font-icon-svg e-fas-long-arrow-alt-right\" viewBox=\"0 0 448 512\" xmlns=\"http:\/\/www.w3.org\/2000\/svg\"><path d=\"M313.941 216H12c-6.627 0-12 5.373-12 12v56c0 6.627 5.373 12 12 12h301.941v46.059c0 21.382 25.851 32.09 40.971 16.971l86.059-86.059c9.373-9.373 9.373-24.569 0-33.941l-86.059-86.059c-15.119-15.119-40.971-4.411-40.971 16.971V216z\"><\/path><\/svg>\t\t\t<\/span>\n\t\t\t\t\t\t\t\t\t<span class=\"elementor-button-text\">Pyyd\u00e4 tarjous<\/span>\n\t\t\t\t\t<\/span>\n\t\t\t\t\t<\/a>\n\t\t\t\t<\/div>\n\t\t\t\t\t\t\t\t<\/div>\n\t\t\t\t<\/div>\n\t\t\t\t\t<\/div>\n\t\t<\/div>\n\t\t\t\t<div class=\"elementor-column elementor-col-50 elementor-top-column elementor-element elementor-element-0834688\" data-id=\"0834688\" data-element_type=\"column\">\n\t\t\t<div class=\"elementor-widget-wrap\">\n\t\t\t\t\t\t\t<\/div>\n\t\t<\/div>\n\t\t\t\t\t<\/div>\n\t\t<\/section>\n\t\t\t\t<section class=\"elementor-section elementor-top-section elementor-element elementor-element-69c5cc0 elementor-section-boxed elementor-section-height-default elementor-section-height-default\" data-id=\"69c5cc0\" data-element_type=\"section\">\n\t\t\t\t\t\t<div class=\"elementor-container elementor-column-gap-default\">\n\t\t\t\t\t<div class=\"elementor-column elementor-col-100 elementor-top-column elementor-element elementor-element-99a7b4d\" data-id=\"99a7b4d\" data-element_type=\"column\">\n\t\t\t<div class=\"elementor-widget-wrap elementor-element-populated\">\n\t\t\t\t\t\t<div class=\"elementor-element elementor-element-99df5cd animated-slow elementor-invisible elementor-widget elementor-widget-heading\" data-id=\"99df5cd\" data-element_type=\"widget\" data-settings=\"{&quot;_animation&quot;:&quot;fadeIn&quot;}\" data-widget_type=\"heading.default\">\n\t\t\t\t<div class=\"elementor-widget-container\">\n\t\t\t\t\t<h2 class=\"elementor-heading-title elementor-size-default\">Miksi s\u00e4\u00e4nn\u00f6llinen kattohuolto kannattaa?<\/h2>\t\t\t\t<\/div>\n\t\t\t\t<\/div>\n\t\t\t\t<div class=\"elementor-element elementor-element-88ae631 elementor-widget elementor-widget-text-editor\" data-id=\"88ae631\" data-element_type=\"widget\" data-widget_type=\"text-editor.default\">\n\t\t\t\t<div class=\"elementor-widget-container\">\n\t\t\t\t\t\t\t\t\t<p data-path-to-node=\"5\">Suomen vaihtelevat s\u00e4\u00e4olosuhteet \u2013 rankkasateet, kovat pakkaset ja raskas lumi \u2013 asettavat vesikaton kovalle koetukselle. Pienet viat, kuten l\u00f6ystyneet kiinnikkeet tai tukkeutuneet kourut, voivat ajan mittaan aiheuttaa vakavia kosteusvaurioita. Ammattilaisen tekem\u00e4 kattohuolto havaitsee n\u00e4m\u00e4 riskit ajoissa.<\/p><p data-path-to-node=\"6\"><b data-path-to-node=\"6\" data-index-in-node=\"0\">Kattohuolto sis\u00e4lt\u00e4\u00e4 muun muassa:<\/b><\/p><ul data-path-to-node=\"7\"><li><p data-path-to-node=\"7,0,0\"><b data-path-to-node=\"7,0,0\" data-index-in-node=\"0\">Puhdistus:<\/b> Lehtien, neulasten ja sammaleen poisto katteelta ja sadevesij\u00e4rjestelmist\u00e4.<\/p><\/li><li><p data-path-to-node=\"7,1,0\"><b data-path-to-node=\"7,1,0\" data-index-in-node=\"0\">Tiiveystarkastus:<\/b> Saumojen, l\u00e4pivientien ja piipunpellitysten kunnon tarkistaminen.<\/p><\/li><li><p data-path-to-node=\"7,2,0\"><b data-path-to-node=\"7,2,0\" data-index-in-node=\"0\">Kiinnitysten varmistus:<\/b> Peltien kiinnitysten ja mahdollisten tiivisteiden uusiminen tarvittaessa.<\/p><\/li><li><p data-path-to-node=\"7,3,0\"><b data-path-to-node=\"7,3,0\" data-index-in-node=\"0\">Pinnan kunto:<\/b> Maalipinnan tai pinnoitteen kunnon arviointi ruosteen ehk\u00e4isemiseksi.<\/p><\/li><\/ul>\t\t\t\t\t\t\t\t<\/div>\n\t\t\t\t<\/div>\n\t\t\t\t<div class=\"elementor-element elementor-element-092afa3 elementor-align-left elementor-widget__width-initial elementor-widget-mobile__width-inherit elementor-widget elementor-widget-button\" data-id=\"092afa3\" data-element_type=\"widget\" data-widget_type=\"button.default\">\n\t\t\t\t<div class=\"elementor-widget-container\">\n\t\t\t\t\t\t\t\t\t<div class=\"elementor-button-wrapper\">\n\t\t\t\t\t<a class=\"elementor-button elementor-button-link elementor-size-sm\" href=\"https:\/\/vikenpelti.fi\/index.php\/yhteystiedot\/\">\n\t\t\t\t\t\t<span class=\"elementor-button-content-wrapper\">\n\t\t\t\t\t\t\t\t\t<span class=\"elementor-button-text\">Pyyd\u00e4 tarjous tai kysy lis\u00e4\u00e4<\/span>\n\t\t\t\t\t<\/span>\n\t\t\t\t\t<\/a>\n\t\t\t\t<\/div>\n\t\t\t\t\t\t\t\t<\/div>\n\t\t\t\t<\/div>\n\t\t\t\t\t<\/div>\n\t\t<\/div>\n\t\t\t\t\t<\/div>\n\t\t<\/section>\n\t\t\t\t<section class=\"elementor-section elementor-top-section elementor-element elementor-element-422cd27 elementor-section-boxed elementor-section-height-default elementor-section-height-default\" data-id=\"422cd27\" data-element_type=\"section\">\n\t\t\t\t\t\t<div class=\"elementor-container elementor-column-gap-default\">\n\t\t\t\t\t<div class=\"elementor-column elementor-col-100 elementor-top-column elementor-element elementor-element-bf0fce6\" data-id=\"bf0fce6\" data-element_type=\"column\">\n\t\t\t<div class=\"elementor-widget-wrap elementor-element-populated\">\n\t\t\t\t\t\t<div class=\"elementor-element elementor-element-d6685d5 animated-slow elementor-invisible elementor-widget elementor-widget-heading\" data-id=\"d6685d5\" data-element_type=\"widget\" data-settings=\"{&quot;_animation&quot;:&quot;fadeIn&quot;}\" data-widget_type=\"heading.default\">\n\t\t\t\t<div class=\"elementor-widget-container\">\n\t\t\t\t\t<h3 class=\"elementor-heading-title elementor-size-default\">Kattoturvatarkastukset \u2013 Turvallisuus on laki ja vastuu<\/h3>\t\t\t\t<\/div>\n\t\t\t\t<\/div>\n\t\t\t\t<div class=\"elementor-element elementor-element-cad7894 elementor-widget elementor-widget-text-editor\" data-id=\"cad7894\" data-element_type=\"widget\" data-widget_type=\"text-editor.default\">\n\t\t\t\t<div class=\"elementor-widget-container\">\n\t\t\t\t\t\t\t\t\t<p data-path-to-node=\"9\">Vesikaton on oltava turvallinen paikka liikkua niin nuohoojille kuin huoltohenkil\u00f6st\u00f6llekin. Kattoturvatarkastuksessa varmistamme, ett\u00e4 kiinteist\u00f6si t\u00e4ytt\u00e4\u00e4 lakis\u00e4\u00e4teiset turvam\u00e4\u00e4r\u00e4ykset.<\/p><p data-path-to-node=\"10\"><b data-path-to-node=\"10\" data-index-in-node=\"0\">Tarkastamme ja huollamme:<\/b><\/p><ul data-path-to-node=\"11\"><li><p data-path-to-node=\"11,0,0\"><b data-path-to-node=\"11,0,0\" data-index-in-node=\"0\">Lumiesteet:<\/b> Kiinnitysten kireys ja v\u00e4\u00e4ntymien tarkistus.<\/p><\/li><li><p data-path-to-node=\"11,1,0\"><b data-path-to-node=\"11,1,0\" data-index-in-node=\"0\">Tikkaat ja kattosillat:<\/b> Varmistamme, ett\u00e4 kulkutiet ovat tukevasti kiinni ja turvallisia k\u00e4ytt\u00e4\u00e4.<\/p><\/li><li><p data-path-to-node=\"11,2,0\"><b data-path-to-node=\"11,2,0\" data-index-in-node=\"0\">Putoamissuojat:<\/b> Varmistamme, ett\u00e4 mahdolliset vaijerij\u00e4rjestelm\u00e4t ja ankkuripisteet ovat kunnossa.<\/p><\/li><\/ul><h4 data-path-to-node=\"12\">Huoltosopimus tuo mielenrauhaa<\/h4><p data-path-to-node=\"13\">Tarjoamme taloyhti\u00f6ille ja yrityksille mahdollisuuden tehd\u00e4 jatkuva huoltosopimus. Huoltosopimusasiakkaana varmistat, ett\u00e4 kattohuolto ja tarkastukset suoritetaan s\u00e4\u00e4nn\u00f6llisesti ilman erillist\u00e4 tilausta. T\u00e4m\u00e4 on kustannustehokkain tapa hallita kiinteist\u00f6n elinkaarikustannuksia ja v\u00e4ltty\u00e4 yll\u00e4tt\u00e4vilt\u00e4 vahinkosaneerauksilta.<\/p><p data-path-to-node=\"13\"><b style=\"font-style: inherit;\" data-path-to-node=\"14,0\" data-index-in-node=\"0\">Meilt\u00e4 voi ja kannattaa kysy\u00e4.<\/b><span style=\"font-size: 16px;\"> Tied\u00e4mme, ett\u00e4 kattoasioissa her\u00e4\u00e4 usein kysymyksi\u00e4. Meill\u00e4 ei ole tyhmi\u00e4 kysymyksi\u00e4 \u2013 ota rohkeasti yhteytt\u00e4, niin asiantuntijamme auttaa sinua ymm\u00e4rt\u00e4m\u00e4\u00e4n kattosi todellisen kunnon.<\/span><\/p><p data-path-to-node=\"13\">Palvelemme asiantuntemuksella laajasti koko Keski-Suomen alueella:<b> Jyv\u00e4skyl\u00e4, Laukaa, Muurame, Uurainen, \u00c4\u00e4nekoski, Saarij\u00e4rvi, Konnevesi, Hankasalmi, Toivakka, Pet\u00e4j\u00e4vesi, Keuruu, Karstula, Kannonkoski, J\u00e4ms\u00e4 ja J\u00e4ms\u00e4nkoski.<\/b><\/p>\t\t\t\t\t\t\t\t<\/div>\n\t\t\t\t<\/div>\n\t\t\t\t<div class=\"elementor-element elementor-element-e94e53e elementor-align-left elementor-widget__width-initial elementor-widget-mobile__width-inherit elementor-widget elementor-widget-button\" data-id=\"e94e53e\" data-element_type=\"widget\" data-widget_type=\"button.default\">\n\t\t\t\t<div class=\"elementor-widget-container\">\n\t\t\t\t\t\t\t\t\t<div class=\"elementor-button-wrapper\">\n\t\t\t\t\t<a class=\"elementor-button elementor-button-link elementor-size-sm\" href=\"https:\/\/vikenpelti.fi\/index.php\/yhteystiedot\/\">\n\t\t\t\t\t\t<span class=\"elementor-button-content-wrapper\">\n\t\t\t\t\t\t\t\t\t<span class=\"elementor-button-text\">Ota yhteytt\u00e4<\/span>\n\t\t\t\t\t<\/span>\n\t\t\t\t\t<\/a>\n\t\t\t\t<\/div>\n\t\t\t\t\t\t\t\t<\/div>\n\t\t\t\t<\/div>\n\t\t\t\t\t<\/div>\n\t\t<\/div>\n\t\t\t\t\t<\/div>\n\t\t<\/section>\n\t\t\t\t<\/div>\n\t\t","protected":false},"excerpt":{"rendered":"<p>Kattohuolto Jyv\u00e4skyl\u00e4 &amp; Keski-Suomi S\u00e4\u00e4nn\u00f6llinen kattohuolto on edullisin tapa varmistaa kiinteist\u00f6n arvon s\u00e4ilyminen ja v\u00e4ltt\u00e4\u00e4 kalliit kattoremontit ennenaikaisesti. Viken Pelti [&hellip;]<\/p>\n","protected":false},"author":3,"featured_media":765,"parent":0,"menu_order":0,"comment_status":"closed","ping_status":"closed","template":"elementor_header_footer","meta":{"site-sidebar-layout":"no-sidebar","site-content-layout":"","ast-site-content-layout":"full-width-container","site-content-style":"default","site-sidebar-style":"default","ast-global-header-display":"","ast-banner-title-visibility":"","ast-main-header-display":"","ast-hfb-above-header-display":"","ast-hfb-below-header-display":"","ast-hfb-mobile-header-display":"","site-post-title":"disabled","ast-breadcrumbs-content":"","ast-featured-img":"disabled","footer-sml-layout":"","ast-disable-related-posts":"","theme-transparent-header-meta":"","adv-header-id-meta":"","stick-header-meta":"","header-above-stick-meta":"","header-main-stick-meta":"","header-below-stick-meta":"","astra-migrate-meta-layouts":"default","ast-page-background-enabled":"default","ast-page-background-meta":{"desktop":{"background-color":"var(--ast-global-color-5)","background-image":"","background-repeat":"repeat","background-position":"center center","background-size":"auto","background-attachment":"scroll","background-type":"","background-media":"","overlay-type":"","overlay-color":"","overlay-opacity":"","overlay-gradient":""},"tablet":{"background-color":"","background-image":"","background-repeat":"repeat","background-position":"center center","background-size":"auto","background-attachment":"scroll","background-type":"","background-media":"","overlay-type":"","overlay-color":"","overlay-opacity":"","overlay-gradient":""},"mobile":{"background-color":"","background-image":"","background-repeat":"repeat","background-position":"center center","background-size":"auto","background-attachment":"scroll","background-type":"","background-media":"","overlay-type":"","overlay-color":"","overlay-opacity":"","overlay-gradient":""}},"ast-content-background-meta":{"desktop":{"background-color":"var(--ast-global-color-4)","background-image":"","background-repeat":"repeat","background-position":"center center","background-size":"auto","background-attachment":"scroll","background-type":"","background-media":"","overlay-type":"","overlay-color":"","overlay-opacity":"","overlay-gradient":""},"tablet":{"background-color":"var(--ast-global-color-4)","background-image":"","background-repeat":"repeat","background-position":"center center","background-size":"auto","background-attachment":"scroll","background-type":"","background-media":"","overlay-type":"","overlay-color":"","overlay-opacity":"","overlay-gradient":""},"mobile":{"background-color":"var(--ast-global-color-4)","background-image":"","background-repeat":"repeat","background-position":"center center","background-size":"auto","background-attachment":"scroll","background-type":"","background-media":"","overlay-type":"","overlay-color":"","overlay-opacity":"","overlay-gradient":""}},"footnotes":""},"class_list":["post-2633","page","type-page","status-publish","has-post-thumbnail","hentry"],"yoast_head":"<!-- This site is optimized with the Yoast SEO plugin v27.1 - https:\/\/yoast.com\/product\/yoast-seo-wordpress\/ -->\n<title>Kattohuolto ja kattoturvatarkastukset Jyv\u00e4skyl\u00e4 | Viken Pelti<\/title>\n<meta name=\"description\" content=\"Kattohuolto ja kattoturvatarkastukset Jyv\u00e4skyl\u00e4ss\u00e4. Varmista katon elinik\u00e4 ja turvallisuus. My\u00f6s huoltosopimukset taloyhti\u00f6ille. Kysy lis\u00e4\u00e4!\" \/>\n<meta name=\"robots\" content=\"index, follow, max-snippet:-1, max-image-preview:large, max-video-preview:-1\" \/>\n<link rel=\"canonical\" href=\"https:\/\/vikenpelti.fi\/index.php\/kattohuolto\/\" \/>\n<meta property=\"og:locale\" content=\"fi_FI\" \/>\n<meta property=\"og:type\" content=\"article\" \/>\n<meta property=\"og:title\" content=\"Kattohuolto ja kattoturvatarkastukset Jyv\u00e4skyl\u00e4 | Viken Pelti\" \/>\n<meta property=\"og:description\" content=\"Kattohuolto ja kattoturvatarkastukset Jyv\u00e4skyl\u00e4ss\u00e4. Varmista katon elinik\u00e4 ja turvallisuus. My\u00f6s huoltosopimukset taloyhti\u00f6ille. Kysy lis\u00e4\u00e4!\" \/>\n<meta property=\"og:url\" content=\"https:\/\/vikenpelti.fi\/index.php\/kattohuolto\/\" \/>\n<meta property=\"og:site_name\" content=\"Viken Pelti\" \/>\n<meta property=\"article:modified_time\" content=\"2026-01-26T07:24:09+00:00\" \/>\n<meta property=\"og:image\" content=\"https:\/\/vikenpelti.fi\/wp-content\/uploads\/2025\/03\/konesauma_kansi-2.webp\" \/>\n\t<meta property=\"og:image:width\" content=\"1920\" \/>\n\t<meta property=\"og:image:height\" content=\"933\" \/>\n\t<meta property=\"og:image:type\" content=\"image\/webp\" \/>\n<meta name=\"twitter:card\" content=\"summary_large_image\" \/>\n<meta name=\"twitter:label1\" content=\"Arvioitu lukuaika\" \/>\n\t<meta name=\"twitter:data1\" content=\"2 minuuttia\" \/>\n<script type=\"application\/ld+json\" class=\"yoast-schema-graph\">{\"@context\":\"https:\/\/schema.org\",\"@graph\":[{\"@type\":\"WebPage\",\"@id\":\"https:\/\/vikenpelti.fi\/index.php\/kattohuolto\/\",\"url\":\"https:\/\/vikenpelti.fi\/index.php\/kattohuolto\/\",\"name\":\"Kattohuolto ja kattoturvatarkastukset Jyv\u00e4skyl\u00e4 | Viken Pelti\",\"isPartOf\":{\"@id\":\"https:\/\/vikenpelti.fi\/#website\"},\"primaryImageOfPage\":{\"@id\":\"https:\/\/vikenpelti.fi\/index.php\/kattohuolto\/#primaryimage\"},\"image\":{\"@id\":\"https:\/\/vikenpelti.fi\/index.php\/kattohuolto\/#primaryimage\"},\"thumbnailUrl\":\"https:\/\/vikenpelti.fi\/wp-content\/uploads\/2025\/03\/konesauma_kansi-2.webp\",\"datePublished\":\"2026-01-26T07:21:14+00:00\",\"dateModified\":\"2026-01-26T07:24:09+00:00\",\"description\":\"Kattohuolto ja kattoturvatarkastukset Jyv\u00e4skyl\u00e4ss\u00e4. Varmista katon elinik\u00e4 ja turvallisuus. My\u00f6s huoltosopimukset taloyhti\u00f6ille. Kysy lis\u00e4\u00e4!\",\"breadcrumb\":{\"@id\":\"https:\/\/vikenpelti.fi\/index.php\/kattohuolto\/#breadcrumb\"},\"inLanguage\":\"fi\",\"potentialAction\":[{\"@type\":\"ReadAction\",\"target\":[\"https:\/\/vikenpelti.fi\/index.php\/kattohuolto\/\"]}]},{\"@type\":\"ImageObject\",\"inLanguage\":\"fi\",\"@id\":\"https:\/\/vikenpelti.fi\/index.php\/kattohuolto\/#primaryimage\",\"url\":\"https:\/\/vikenpelti.fi\/wp-content\/uploads\/2025\/03\/konesauma_kansi-2.webp\",\"contentUrl\":\"https:\/\/vikenpelti.fi\/wp-content\/uploads\/2025\/03\/konesauma_kansi-2.webp\",\"width\":1920,\"height\":933},{\"@type\":\"BreadcrumbList\",\"@id\":\"https:\/\/vikenpelti.fi\/index.php\/kattohuolto\/#breadcrumb\",\"itemListElement\":[{\"@type\":\"ListItem\",\"position\":1,\"name\":\"Etusivu\",\"item\":\"https:\/\/vikenpelti.fi\/\"},{\"@type\":\"ListItem\",\"position\":2,\"name\":\"Kattohuolto\"}]},{\"@type\":\"WebSite\",\"@id\":\"https:\/\/vikenpelti.fi\/#website\",\"url\":\"https:\/\/vikenpelti.fi\/\",\"name\":\"Viken Pelti\",\"description\":\"\",\"potentialAction\":[{\"@type\":\"SearchAction\",\"target\":{\"@type\":\"EntryPoint\",\"urlTemplate\":\"https:\/\/vikenpelti.fi\/?s={search_term_string}\"},\"query-input\":{\"@type\":\"PropertyValueSpecification\",\"valueRequired\":true,\"valueName\":\"search_term_string\"}}],\"inLanguage\":\"fi\"}]}<\/script>\n<!-- \/ Yoast SEO plugin. -->","yoast_head_json":{"title":"Kattohuolto ja kattoturvatarkastukset Jyv\u00e4skyl\u00e4 | Viken Pelti","description":"Kattohuolto ja kattoturvatarkastukset Jyv\u00e4skyl\u00e4ss\u00e4. Varmista katon elinik\u00e4 ja turvallisuus. My\u00f6s huoltosopimukset taloyhti\u00f6ille. Kysy lis\u00e4\u00e4!","robots":{"index":"index","follow":"follow","max-snippet":"max-snippet:-1","max-image-preview":"max-image-preview:large","max-video-preview":"max-video-preview:-1"},"canonical":"https:\/\/vikenpelti.fi\/index.php\/kattohuolto\/","og_locale":"fi_FI","og_type":"article","og_title":"Kattohuolto ja kattoturvatarkastukset Jyv\u00e4skyl\u00e4 | Viken Pelti","og_description":"Kattohuolto ja kattoturvatarkastukset Jyv\u00e4skyl\u00e4ss\u00e4. Varmista katon elinik\u00e4 ja turvallisuus. My\u00f6s huoltosopimukset taloyhti\u00f6ille. Kysy lis\u00e4\u00e4!","og_url":"https:\/\/vikenpelti.fi\/index.php\/kattohuolto\/","og_site_name":"Viken Pelti","article_modified_time":"2026-01-26T07:24:09+00:00","og_image":[{"width":1920,"height":933,"url":"https:\/\/vikenpelti.fi\/wp-content\/uploads\/2025\/03\/konesauma_kansi-2.webp","type":"image\/webp"}],"twitter_card":"summary_large_image","twitter_misc":{"Arvioitu lukuaika":"2 minuuttia"},"schema":{"@context":"https:\/\/schema.org","@graph":[{"@type":"WebPage","@id":"https:\/\/vikenpelti.fi\/index.php\/kattohuolto\/","url":"https:\/\/vikenpelti.fi\/index.php\/kattohuolto\/","name":"Kattohuolto ja kattoturvatarkastukset Jyv\u00e4skyl\u00e4 | Viken Pelti","isPartOf":{"@id":"https:\/\/vikenpelti.fi\/#website"},"primaryImageOfPage":{"@id":"https:\/\/vikenpelti.fi\/index.php\/kattohuolto\/#primaryimage"},"image":{"@id":"https:\/\/vikenpelti.fi\/index.php\/kattohuolto\/#primaryimage"},"thumbnailUrl":"https:\/\/vikenpelti.fi\/wp-content\/uploads\/2025\/03\/konesauma_kansi-2.webp","datePublished":"2026-01-26T07:21:14+00:00","dateModified":"2026-01-26T07:24:09+00:00","description":"Kattohuolto ja kattoturvatarkastukset Jyv\u00e4skyl\u00e4ss\u00e4. Varmista katon elinik\u00e4 ja turvallisuus. My\u00f6s huoltosopimukset taloyhti\u00f6ille. Kysy lis\u00e4\u00e4!","breadcrumb":{"@id":"https:\/\/vikenpelti.fi\/index.php\/kattohuolto\/#breadcrumb"},"inLanguage":"fi","potentialAction":[{"@type":"ReadAction","target":["https:\/\/vikenpelti.fi\/index.php\/kattohuolto\/"]}]},{"@type":"ImageObject","inLanguage":"fi","@id":"https:\/\/vikenpelti.fi\/index.php\/kattohuolto\/#primaryimage","url":"https:\/\/vikenpelti.fi\/wp-content\/uploads\/2025\/03\/konesauma_kansi-2.webp","contentUrl":"https:\/\/vikenpelti.fi\/wp-content\/uploads\/2025\/03\/konesauma_kansi-2.webp","width":1920,"height":933},{"@type":"BreadcrumbList","@id":"https:\/\/vikenpelti.fi\/index.php\/kattohuolto\/#breadcrumb","itemListElement":[{"@type":"ListItem","position":1,"name":"Etusivu","item":"https:\/\/vikenpelti.fi\/"},{"@type":"ListItem","position":2,"name":"Kattohuolto"}]},{"@type":"WebSite","@id":"https:\/\/vikenpelti.fi\/#website","url":"https:\/\/vikenpelti.fi\/","name":"Viken Pelti","description":"","potentialAction":[{"@type":"SearchAction","target":{"@type":"EntryPoint","urlTemplate":"https:\/\/vikenpelti.fi\/?s={search_term_string}"},"query-input":{"@type":"PropertyValueSpecification","valueRequired":true,"valueName":"search_term_string"}}],"inLanguage":"fi"}]}},"_links":{"self":[{"href":"https:\/\/vikenpelti.fi\/index.php\/wp-json\/wp\/v2\/pages\/2633","targetHints":{"allow":["GET"]}}],"collection":[{"href":"https:\/\/vikenpelti.fi\/index.php\/wp-json\/wp\/v2\/pages"}],"about":[{"href":"https:\/\/vikenpelti.fi\/index.php\/wp-json\/wp\/v2\/types\/page"}],"author":[{"embeddable":true,"href":"https:\/\/vikenpelti.fi\/index.php\/wp-json\/wp\/v2\/users\/3"}],"replies":[{"embeddable":true,"href":"https:\/\/vikenpelti.fi\/index.php\/wp-json\/wp\/v2\/comments?post=2633"}],"version-history":[{"count":4,"href":"https:\/\/vikenpelti.fi\/index.php\/wp-json\/wp\/v2\/pages\/2633\/revisions"}],"predecessor-version":[{"id":2637,"href":"https:\/\/vikenpelti.fi\/index.php\/wp-json\/wp\/v2\/pages\/2633\/revisions\/2637"}],"wp:featuredmedia":[{"embeddable":true,"href":"https:\/\/vikenpelti.fi\/index.php\/wp-json\/wp\/v2\/media\/765"}],"wp:attachment":[{"href":"https:\/\/vikenpelti.fi\/index.php\/wp-json\/wp\/v2\/media?parent=2633"}],"curies":[{"name":"wp","href":"https:\/\/api.w.org\/{rel}","templated":true}]}}