{"id":59,"date":"2025-02-20T08:22:56","date_gmt":"2025-02-20T08:22:56","guid":{"rendered":"https:\/\/vikenpelti.fi\/?page_id=59"},"modified":"2025-12-15T10:09:07","modified_gmt":"2025-12-15T08:09:07","slug":"tarinamme","status":"publish","type":"page","link":"https:\/\/vikenpelti.fi\/index.php\/tarinamme\/","title":{"rendered":"Tarinamme"},"content":{"rendered":"\t\t<div data-elementor-type=\"wp-page\" data-elementor-id=\"59\" class=\"elementor elementor-59\" data-elementor-post-type=\"page\">\n\t\t\t\t\t\t<section class=\"elementor-section elementor-top-section elementor-element elementor-element-741aed2 elementor-section-boxed elementor-section-height-default elementor-section-height-default\" data-id=\"741aed2\" data-element_type=\"section\" data-settings=\"{&quot;background_background&quot;:&quot;classic&quot;,&quot;background_motion_fx_motion_fx_scrolling&quot;:&quot;yes&quot;,&quot;background_motion_fx_scale_effect&quot;:&quot;yes&quot;,&quot;background_motion_fx_scale_direction&quot;:&quot;out-in&quot;,&quot;background_motion_fx_scale_speed&quot;:{&quot;unit&quot;:&quot;px&quot;,&quot;size&quot;:4,&quot;sizes&quot;:[]},&quot;background_motion_fx_scale_range&quot;:{&quot;unit&quot;:&quot;%&quot;,&quot;size&quot;:&quot;&quot;,&quot;sizes&quot;:{&quot;start&quot;:20,&quot;end&quot;:80}},&quot;background_motion_fx_devices&quot;:[&quot;desktop&quot;,&quot;tablet&quot;,&quot;mobile&quot;]}\">\n\t\t\t\t\t\t\t<div class=\"elementor-background-overlay\"><\/div>\n\t\t\t\t\t\t\t<div class=\"elementor-container elementor-column-gap-default\">\n\t\t\t\t\t<div class=\"elementor-column elementor-col-100 elementor-top-column elementor-element elementor-element-da63f74\" data-id=\"da63f74\" data-element_type=\"column\">\n\t\t\t<div class=\"elementor-widget-wrap elementor-element-populated\">\n\t\t\t\t\t\t<div class=\"elementor-element elementor-element-757dbdb elementor-widget elementor-widget-heading\" data-id=\"757dbdb\" data-element_type=\"widget\" data-widget_type=\"heading.default\">\n\t\t\t\t<div class=\"elementor-widget-container\">\n\t\t\t\t\t<h2 class=\"elementor-heading-title elementor-size-default\">Ei niin pient\u00e4, ettemme l\u00e4htisi, eik\u00e4 niin isoa, ettemme pystyisi<\/h2>\t\t\t\t<\/div>\n\t\t\t\t<\/div>\n\t\t\t\t\t<\/div>\n\t\t<\/div>\n\t\t\t\t\t<\/div>\n\t\t<\/section>\n\t\t\t\t<section class=\"elementor-section elementor-top-section elementor-element elementor-element-59c983a elementor-section-boxed elementor-section-height-default elementor-section-height-default\" data-id=\"59c983a\" data-element_type=\"section\">\n\t\t\t\t\t\t<div class=\"elementor-container elementor-column-gap-default\">\n\t\t\t\t\t<div class=\"elementor-column elementor-col-100 elementor-top-column elementor-element elementor-element-54a8fba\" data-id=\"54a8fba\" data-element_type=\"column\">\n\t\t\t<div class=\"elementor-widget-wrap elementor-element-populated\">\n\t\t\t\t\t\t<div class=\"elementor-element elementor-element-2aee4a4 animated-slow elementor-invisible elementor-widget elementor-widget-heading\" data-id=\"2aee4a4\" data-element_type=\"widget\" data-settings=\"{&quot;_animation&quot;:&quot;fadeIn&quot;}\" data-widget_type=\"heading.default\">\n\t\t\t\t<div class=\"elementor-widget-container\">\n\t\t\t\t\t<h2 class=\"elementor-heading-title elementor-size-default\">Yritys, jolla on juuret<\/h2>\t\t\t\t<\/div>\n\t\t\t\t<\/div>\n\t\t\t\t<div class=\"elementor-element elementor-element-1c76492 animated-slow elementor-invisible elementor-widget elementor-widget-text-editor\" data-id=\"1c76492\" data-element_type=\"widget\" data-settings=\"{&quot;_animation&quot;:&quot;fadeIn&quot;}\" data-widget_type=\"text-editor.default\">\n\t\t\t\t<div class=\"elementor-widget-container\">\n\t\t\t\t\t\t\t\t\t<p>Meist\u00e4,<\/p>\n<p>Viken Pelti Ky perustettiin 1989 Kivij\u00e4rvell\u00e4 Rautarakenne P&amp;R Piri nimell\u00e4 toimineen yrityksen jatkajaksi. Pirit muuttivat pohjanmaalle perustaen Lapuan Piristeel Oy:n.<\/p>\n<p>Vilho eli Vikke, olikin ty\u00f6skennellyt pitk\u00e4n uran ko yrityksess\u00e4 ja ty\u00f6tt\u00f6myyden uhatessa oli teht\u00e4v\u00e4 ratkaisuja. Turkistarhaus, jota harjoitettiin kotitalon taakse rakennetussa tarhassa muiden askareiden lomassa oli mukana kuvioissa viel\u00e4 n\u00e4in\u00e4 vuosina. Turkiksista Arja my\u00f6s ompeli erin\u00e4isi\u00e4 vaatekappaleita ja kauppasi niit\u00e4 Turkisty\u00f6 Ar-Pa nimell\u00e4. Harkinnan j\u00e4lkeen Vikke ja Arja p\u00e4\u00e4tyiv\u00e4t valitsemaan yritt\u00e4j\u00e4n ruusuisen tien.<\/p>\n<p>Alkuaikoina osien valmistus ja alihankinta n\u00e4ytteli suurta roolia. Ensimm\u00e4isen vuoden liikevaihtotavoite oli n. 1Mmk. Pojat Tero ja Jani tulivat mukaan toimintaan t\u00e4ysipainoisemmin ty\u00f6ntekij\u00f6in\u00e4 vuosina 95-96. Rakennuspeltipuoli rupesi vet\u00e4m\u00e4\u00e4n kokoajan paremmin. Ty\u00f6maat alkoivat olla Jyv\u00e4skyl\u00e4n ja Keuruun suunnalla entist\u00e4 enemm\u00e4n. Vuonna 1997 hommattiin ty\u00f6k\u00e4mpp\u00e4\/varasto Jyv\u00e4skyl\u00e4st\u00e4 Kiilatielt\u00e4.<\/p>\n<p>Vuonna 1998 p\u00e4\u00e4tettiin l\u00e4hte\u00e4 l\u00e4hemm\u00e4s apajia. Viken Pelti vuokrasi rakennuspeltitoimintaa ajatellen Tikkakoskelta hallin 11\/1998 josta k\u00e4sin asennusty\u00f6maat olivat jo huomattavan l\u00e4hell\u00e4. Marraskuussa -99 muutettiin isompaan viereiseen halliin. Marraskuussa 2000 valmistui nykyiset tilat n. 600m2 johon laajennustakin jo tehty.<br><span style=\"font-size: 17.6px; font-style: inherit; font-weight: inherit;\">Sukupolven vaihdos tehtiin kes\u00e4ll\u00e4 2005 ja samalla yhti\u00f6muodoksi vaihtui Osakeyhti\u00f6.<\/span><\/p>\n<p>Nykyisin Viken Pelti Oy on toiminut alalla jo 35 vuotta. <br>Olemme kokoluokaltamme toimialamme suurimpien joukossa suomessa.<br>Monipuolisuus on meid\u00e4n valtti. Meilt\u00e4 hoituu peltikatot, julkisivupellitykset, peltilistoitukset, kattoturvallisuustuotteet, sadevesij\u00e4rjestelm\u00e4t ja erikoisty\u00f6tkin. Ty\u00f6n kokoon katsomatta.<br>Meill\u00e4 on my\u00f6s melko laaja varasto, joka takaa hyv\u00e4n toimitusvarmuuden. Myymme my\u00f6s pelkki\u00e4 tuotteita mik\u00e4li asennus hoituu asiakkaalta itselt\u00e4\u00e4n.<br>Rakennusliikkeet, taloyhti\u00f6t ja kuluttaja-asiakkaat ty\u00f6llist\u00e4v\u00e4t t\u00e4t\u00e4 nyky\u00e4 meit\u00e4 kovasti ja ty\u00f6maat ovatkin kasvaneet kooltaan sek\u00e4 m\u00e4\u00e4r\u00e4lt\u00e4\u00e4n. Ty\u00f6maat sijaitsevat p\u00e4\u00e4s\u00e4\u00e4nt\u00f6isesti Keski-Suomen alueella. <br>Asennuskalustomme kehittyy koko ajan ja t\u00e4rke\u00e4ss\u00e4 osassa ty\u00f6mailla toimiikin muun muassa kaksi kurottajaa lis\u00e4varusteineen, logistiikassa oma nosturikuorma-auto, mininosturi sek\u00e4 henkil\u00f6nostimia. <br>Tuotannon konekantamme kehittyy ajan mukana mahdollistaen laadukkaat tuotteet hyv\u00e4ll\u00e4 toimitusvarmuudella.<br>T\u00e4ll\u00e4 hetkell\u00e4 yritys ty\u00f6llist\u00e4\u00e4 noin 30 rautaista ammattilaista ja liikevaihto on noin 4 miljoonaa euroa.<\/p>\n<p>Arvot:&nbsp;<br>-kaikki asiakkaat ovat meille t\u00e4rkeit\u00e4<br>-henkil\u00f6st\u00f6st\u00e4 pidet\u00e4\u00e4n huolta<br>-joskus virheit\u00e4kin tehd\u00e4\u00e4n, mutta reklamaatiot hoidetaan kunnolla ja kunnialla<\/p>\t\t\t\t\t\t\t\t<\/div>\n\t\t\t\t<\/div>\n\t\t\t\t<section class=\"elementor-section elementor-inner-section elementor-element elementor-element-1574905 elementor-section-boxed elementor-section-height-default elementor-section-height-default\" data-id=\"1574905\" data-element_type=\"section\">\n\t\t\t\t\t\t<div class=\"elementor-container elementor-column-gap-default\">\n\t\t\t\t\t<div class=\"elementor-column elementor-col-50 elementor-inner-column elementor-element elementor-element-ddf7fff\" data-id=\"ddf7fff\" data-element_type=\"column\">\n\t\t\t<div class=\"elementor-widget-wrap elementor-element-populated\">\n\t\t\t\t\t\t<div class=\"elementor-element elementor-element-ea8183e elementor-widget elementor-widget-image\" data-id=\"ea8183e\" data-element_type=\"widget\" data-widget_type=\"image.default\">\n\t\t\t\t<div class=\"elementor-widget-container\">\n\t\t\t\t\t\t\t\t\t\t\t\t<figure class=\"wp-caption\">\n\t\t\t\t\t\t\t\t\t\t<img fetchpriority=\"high\" decoding=\"async\" width=\"291\" height=\"300\" src=\"https:\/\/vikenpelti.fi\/wp-content\/uploads\/2025\/11\/Isa-rassilla-1975-291x300.jpg\" class=\"attachment-medium size-medium wp-image-2434\" alt=\"\" srcset=\"https:\/\/vikenpelti.fi\/wp-content\/uploads\/2025\/11\/Isa-rassilla-1975-291x300.jpg 291w, https:\/\/vikenpelti.fi\/wp-content\/uploads\/2025\/11\/Isa-rassilla-1975.jpg 394w\" sizes=\"(max-width: 291px) 100vw, 291px\" \/>\t\t\t\t\t\t\t\t\t\t\t<figcaption class=\"widget-image-caption wp-caption-text\">Perustaja Vikke pr\u00e4ssill\u00e4 1975<\/figcaption>\n\t\t\t\t\t\t\t\t\t\t<\/figure>\n\t\t\t\t\t\t\t\t\t<\/div>\n\t\t\t\t<\/div>\n\t\t\t\t<div class=\"elementor-element elementor-element-291563f elementor-align-left elementor-widget__width-initial elementor-widget-mobile__width-inherit elementor-widget elementor-widget-button\" data-id=\"291563f\" data-element_type=\"widget\" data-widget_type=\"button.default\">\n\t\t\t\t<div class=\"elementor-widget-container\">\n\t\t\t\t\t\t\t\t\t<div class=\"elementor-button-wrapper\">\n\t\t\t\t\t<a class=\"elementor-button elementor-button-link elementor-size-sm\" href=\"https:\/\/vikenpelti.fi\/index.php\/yhteystiedot\/\">\n\t\t\t\t\t\t<span class=\"elementor-button-content-wrapper\">\n\t\t\t\t\t\t\t\t\t<span class=\"elementor-button-text\">Pyyd\u00e4 tarjous<\/span>\n\t\t\t\t\t<\/span>\n\t\t\t\t\t<\/a>\n\t\t\t\t<\/div>\n\t\t\t\t\t\t\t\t<\/div>\n\t\t\t\t<\/div>\n\t\t\t\t\t<\/div>\n\t\t<\/div>\n\t\t\t\t<div class=\"elementor-column elementor-col-50 elementor-inner-column elementor-element elementor-element-5492271\" data-id=\"5492271\" data-element_type=\"column\">\n\t\t\t<div class=\"elementor-widget-wrap\">\n\t\t\t\t\t\t\t<\/div>\n\t\t<\/div>\n\t\t\t\t\t<\/div>\n\t\t<\/section>\n\t\t\t\t\t<\/div>\n\t\t<\/div>\n\t\t\t\t\t<\/div>\n\t\t<\/section>\n\t\t\t\t<section class=\"elementor-section elementor-top-section elementor-element elementor-element-4000888 elementor-section-boxed elementor-section-height-default elementor-section-height-default\" data-id=\"4000888\" data-element_type=\"section\">\n\t\t\t\t\t\t<div class=\"elementor-container elementor-column-gap-default\">\n\t\t\t\t\t<div class=\"elementor-column elementor-col-100 elementor-top-column elementor-element elementor-element-3d98de5\" data-id=\"3d98de5\" data-element_type=\"column\">\n\t\t\t<div class=\"elementor-widget-wrap elementor-element-populated\">\n\t\t\t\t\t\t<div class=\"elementor-element elementor-element-b706a25 elementor-widget elementor-widget-text-editor\" data-id=\"b706a25\" data-element_type=\"widget\" data-widget_type=\"text-editor.default\">\n\t\t\t\t<div class=\"elementor-widget-container\">\n\t\t\t\t\t\t\t\t\t<p>Viken Pelti on paikallinen kattoremonttien ja rakennuspeltit\u00f6iden erikoisosaaja. Palvelemme asiakkaita Jyv\u00e4skyl\u00e4ss\u00e4 ja koko Keski-Suomen alueella. Palvelualueeseemme kuuluvat mm: Jyv\u00e4skyl\u00e4, Laukaa, Muurame, Uurainen, \u00c4\u00e4nekoski, Saarij\u00e4rvi, Pet\u00e4j\u00e4vesi, Keuruu, Toivakka, Hankasalmi ja Kangasniemi.<\/p>\n<p>Palveluihimme kuuluvat kattoremontit avaimet k\u00e4teen -periaatteella, konesaumattu katto, julkisivujen pellitykset, kattoturvallisuustuotteiden asennukset, IV-l\u00e4piviennit, SafeLine -vaijerij\u00e4rjestelm\u00e4t, korjausrakentaminen ja vahinkosaneeraus, muotopelti-, tiili-, ja huopakatteet, yksitt\u00e4iset kunnostus- ja huoltoty\u00f6t, vesikourujen ja sadevesij\u00e4rjestelmien asennukset, piipun pellitykset, elementtiasennukset sek\u00e4 nosturipalvelu ja henkil\u00f6nostimet.<\/p>\n<p>Meid\u00e4n kauttamme saat my\u00f6s kaikki kattoturvatuotteet ja kattovarusteet, kuten lumiesteet, turvakiskot ja tikkaat.<\/p>\n<p>Yhteystiedot:&nbsp;<\/p>\n<ul>\n<li>Puhelin.: 050 587 6045<\/li>\n<li>S\u00e4hk\u00f6posti: vikenpelti@vikenpelti.fi<\/li>\n<li>Osoite: Elementtikuja 2, Tikkakoski<\/li>\n<\/ul>\t\t\t\t\t\t\t\t<\/div>\n\t\t\t\t<\/div>\n\t\t\t\t\t<\/div>\n\t\t<\/div>\n\t\t\t\t\t<\/div>\n\t\t<\/section>\n\t\t\t\t<\/div>\n\t\t","protected":false},"excerpt":{"rendered":"<p>Ei niin pient\u00e4, ettemme l\u00e4htisi, eik\u00e4 niin isoa, ettemme pystyisi Yritys, jolla on juuret Meist\u00e4, Viken Pelti Ky perustettiin 1989 [&hellip;]<\/p>\n","protected":false},"author":2,"featured_media":991,"parent":0,"menu_order":0,"comment_status":"closed","ping_status":"closed","template":"elementor_header_footer","meta":{"site-sidebar-layout":"no-sidebar","site-content-layout":"","ast-site-content-layout":"full-width-container","site-content-style":"default","site-sidebar-style":"default","ast-global-header-display":"","ast-banner-title-visibility":"","ast-main-header-display":"","ast-hfb-above-header-display":"","ast-hfb-below-header-display":"","ast-hfb-mobile-header-display":"","site-post-title":"disabled","ast-breadcrumbs-content":"","ast-featured-img":"disabled","footer-sml-layout":"","ast-disable-related-posts":"","theme-transparent-header-meta":"","adv-header-id-meta":"","stick-header-meta":"","header-above-stick-meta":"","header-main-stick-meta":"","header-below-stick-meta":"","astra-migrate-meta-layouts":"default","ast-page-background-enabled":"default","ast-page-background-meta":{"desktop":{"background-color":"var(--ast-global-color-5)","background-image":"","background-repeat":"repeat","background-position":"center center","background-size":"auto","background-attachment":"scroll","background-type":"","background-media":"","overlay-type":"","overlay-color":"","overlay-opacity":"","overlay-gradient":""},"tablet":{"background-color":"","background-image":"","background-repeat":"repeat","background-position":"center center","background-size":"auto","background-attachment":"scroll","background-type":"","background-media":"","overlay-type":"","overlay-color":"","overlay-opacity":"","overlay-gradient":""},"mobile":{"background-color":"","background-image":"","background-repeat":"repeat","background-position":"center center","background-size":"auto","background-attachment":"scroll","background-type":"","background-media":"","overlay-type":"","overlay-color":"","overlay-opacity":"","overlay-gradient":""}},"ast-content-background-meta":{"desktop":{"background-color":"var(--ast-global-color-4)","background-image":"","background-repeat":"repeat","background-position":"center center","background-size":"auto","background-attachment":"scroll","background-type":"","background-media":"","overlay-type":"","overlay-color":"","overlay-opacity":"","overlay-gradient":""},"tablet":{"background-color":"var(--ast-global-color-4)","background-image":"","background-repeat":"repeat","background-position":"center center","background-size":"auto","background-attachment":"scroll","background-type":"","background-media":"","overlay-type":"","overlay-color":"","overlay-opacity":"","overlay-gradient":""},"mobile":{"background-color":"var(--ast-global-color-4)","background-image":"","background-repeat":"repeat","background-position":"center center","background-size":"auto","background-attachment":"scroll","background-type":"","background-media":"","overlay-type":"","overlay-color":"","overlay-opacity":"","overlay-gradient":""}},"footnotes":""},"class_list":["post-59","page","type-page","status-publish","has-post-thumbnail","hentry"],"yoast_head":"<!-- This site is optimized with the Yoast SEO plugin v27.1 - https:\/\/yoast.com\/product\/yoast-seo-wordpress\/ -->\n<title>Viken Pelti on toiminut alalla jo 30 vuotta | Tarinamme<\/title>\n<meta name=\"description\" content=\"Viken Pelti toteuttaa kattoremontit ja rakennuspeltity\u00f6t Jyv\u00e4skyl\u00e4ss\u00e4 ja Keski-Suomessa. Avaimet k\u00e4teen -palveluna konesaumakatot, tiilikuviopellit ja kattoturvatuotteet. Pyyd\u00e4 tarjous!\" \/>\n<meta name=\"robots\" content=\"index, follow, max-snippet:-1, max-image-preview:large, max-video-preview:-1\" \/>\n<link rel=\"canonical\" href=\"https:\/\/vikenpelti.fi\/index.php\/tarinamme\/\" \/>\n<meta property=\"og:locale\" content=\"fi_FI\" \/>\n<meta property=\"og:type\" content=\"article\" \/>\n<meta property=\"og:title\" content=\"Viken Pelti on toiminut alalla jo 30 vuotta | Tarinamme\" \/>\n<meta property=\"og:description\" content=\"Viken Pelti toteuttaa kattoremontit ja rakennuspeltity\u00f6t Jyv\u00e4skyl\u00e4ss\u00e4 ja Keski-Suomessa. Avaimet k\u00e4teen -palveluna konesaumakatot, tiilikuviopellit ja kattoturvatuotteet. Pyyd\u00e4 tarjous!\" \/>\n<meta property=\"og:url\" content=\"https:\/\/vikenpelti.fi\/index.php\/tarinamme\/\" \/>\n<meta property=\"og:site_name\" content=\"Viken Pelti\" \/>\n<meta property=\"article:modified_time\" content=\"2025-12-15T08:09:07+00:00\" \/>\n<meta property=\"og:image\" content=\"https:\/\/vikenpelti.fi\/wp-content\/uploads\/2025\/03\/Heikinkatu-2_netti-8.webp\" \/>\n\t<meta property=\"og:image:width\" content=\"1709\" \/>\n\t<meta property=\"og:image:height\" content=\"1280\" \/>\n\t<meta property=\"og:image:type\" content=\"image\/webp\" \/>\n<meta name=\"twitter:card\" content=\"summary_large_image\" \/>\n<meta name=\"twitter:label1\" content=\"Arvioitu lukuaika\" \/>\n\t<meta name=\"twitter:data1\" content=\"3 minuuttia\" \/>\n<script type=\"application\/ld+json\" class=\"yoast-schema-graph\">{\"@context\":\"https:\/\/schema.org\",\"@graph\":[{\"@type\":\"WebPage\",\"@id\":\"https:\/\/vikenpelti.fi\/index.php\/tarinamme\/\",\"url\":\"https:\/\/vikenpelti.fi\/index.php\/tarinamme\/\",\"name\":\"Viken Pelti on toiminut alalla jo 30 vuotta | Tarinamme\",\"isPartOf\":{\"@id\":\"https:\/\/vikenpelti.fi\/#website\"},\"primaryImageOfPage\":{\"@id\":\"https:\/\/vikenpelti.fi\/index.php\/tarinamme\/#primaryimage\"},\"image\":{\"@id\":\"https:\/\/vikenpelti.fi\/index.php\/tarinamme\/#primaryimage\"},\"thumbnailUrl\":\"https:\/\/vikenpelti.fi\/wp-content\/uploads\/2025\/03\/Heikinkatu-2_netti-8.webp\",\"datePublished\":\"2025-02-20T08:22:56+00:00\",\"dateModified\":\"2025-12-15T08:09:07+00:00\",\"description\":\"Viken Pelti toteuttaa kattoremontit ja rakennuspeltity\u00f6t Jyv\u00e4skyl\u00e4ss\u00e4 ja Keski-Suomessa. Avaimet k\u00e4teen -palveluna konesaumakatot, tiilikuviopellit ja kattoturvatuotteet. Pyyd\u00e4 tarjous!\",\"breadcrumb\":{\"@id\":\"https:\/\/vikenpelti.fi\/index.php\/tarinamme\/#breadcrumb\"},\"inLanguage\":\"fi\",\"potentialAction\":[{\"@type\":\"ReadAction\",\"target\":[\"https:\/\/vikenpelti.fi\/index.php\/tarinamme\/\"]}]},{\"@type\":\"ImageObject\",\"inLanguage\":\"fi\",\"@id\":\"https:\/\/vikenpelti.fi\/index.php\/tarinamme\/#primaryimage\",\"url\":\"https:\/\/vikenpelti.fi\/wp-content\/uploads\/2025\/03\/Heikinkatu-2_netti-8.webp\",\"contentUrl\":\"https:\/\/vikenpelti.fi\/wp-content\/uploads\/2025\/03\/Heikinkatu-2_netti-8.webp\",\"width\":1709,\"height\":1280},{\"@type\":\"BreadcrumbList\",\"@id\":\"https:\/\/vikenpelti.fi\/index.php\/tarinamme\/#breadcrumb\",\"itemListElement\":[{\"@type\":\"ListItem\",\"position\":1,\"name\":\"Etusivu\",\"item\":\"https:\/\/vikenpelti.fi\/\"},{\"@type\":\"ListItem\",\"position\":2,\"name\":\"Tarinamme\"}]},{\"@type\":\"WebSite\",\"@id\":\"https:\/\/vikenpelti.fi\/#website\",\"url\":\"https:\/\/vikenpelti.fi\/\",\"name\":\"Viken Pelti\",\"description\":\"\",\"potentialAction\":[{\"@type\":\"SearchAction\",\"target\":{\"@type\":\"EntryPoint\",\"urlTemplate\":\"https:\/\/vikenpelti.fi\/?s={search_term_string}\"},\"query-input\":{\"@type\":\"PropertyValueSpecification\",\"valueRequired\":true,\"valueName\":\"search_term_string\"}}],\"inLanguage\":\"fi\"}]}<\/script>\n<!-- \/ Yoast SEO plugin. -->","yoast_head_json":{"title":"Viken Pelti on toiminut alalla jo 30 vuotta | Tarinamme","description":"Viken Pelti toteuttaa kattoremontit ja rakennuspeltity\u00f6t Jyv\u00e4skyl\u00e4ss\u00e4 ja Keski-Suomessa. Avaimet k\u00e4teen -palveluna konesaumakatot, tiilikuviopellit ja kattoturvatuotteet. Pyyd\u00e4 tarjous!","robots":{"index":"index","follow":"follow","max-snippet":"max-snippet:-1","max-image-preview":"max-image-preview:large","max-video-preview":"max-video-preview:-1"},"canonical":"https:\/\/vikenpelti.fi\/index.php\/tarinamme\/","og_locale":"fi_FI","og_type":"article","og_title":"Viken Pelti on toiminut alalla jo 30 vuotta | Tarinamme","og_description":"Viken Pelti toteuttaa kattoremontit ja rakennuspeltity\u00f6t Jyv\u00e4skyl\u00e4ss\u00e4 ja Keski-Suomessa. Avaimet k\u00e4teen -palveluna konesaumakatot, tiilikuviopellit ja kattoturvatuotteet. Pyyd\u00e4 tarjous!","og_url":"https:\/\/vikenpelti.fi\/index.php\/tarinamme\/","og_site_name":"Viken Pelti","article_modified_time":"2025-12-15T08:09:07+00:00","og_image":[{"width":1709,"height":1280,"url":"https:\/\/vikenpelti.fi\/wp-content\/uploads\/2025\/03\/Heikinkatu-2_netti-8.webp","type":"image\/webp"}],"twitter_card":"summary_large_image","twitter_misc":{"Arvioitu lukuaika":"3 minuuttia"},"schema":{"@context":"https:\/\/schema.org","@graph":[{"@type":"WebPage","@id":"https:\/\/vikenpelti.fi\/index.php\/tarinamme\/","url":"https:\/\/vikenpelti.fi\/index.php\/tarinamme\/","name":"Viken Pelti on toiminut alalla jo 30 vuotta | Tarinamme","isPartOf":{"@id":"https:\/\/vikenpelti.fi\/#website"},"primaryImageOfPage":{"@id":"https:\/\/vikenpelti.fi\/index.php\/tarinamme\/#primaryimage"},"image":{"@id":"https:\/\/vikenpelti.fi\/index.php\/tarinamme\/#primaryimage"},"thumbnailUrl":"https:\/\/vikenpelti.fi\/wp-content\/uploads\/2025\/03\/Heikinkatu-2_netti-8.webp","datePublished":"2025-02-20T08:22:56+00:00","dateModified":"2025-12-15T08:09:07+00:00","description":"Viken Pelti toteuttaa kattoremontit ja rakennuspeltity\u00f6t Jyv\u00e4skyl\u00e4ss\u00e4 ja Keski-Suomessa. Avaimet k\u00e4teen -palveluna konesaumakatot, tiilikuviopellit ja kattoturvatuotteet. Pyyd\u00e4 tarjous!","breadcrumb":{"@id":"https:\/\/vikenpelti.fi\/index.php\/tarinamme\/#breadcrumb"},"inLanguage":"fi","potentialAction":[{"@type":"ReadAction","target":["https:\/\/vikenpelti.fi\/index.php\/tarinamme\/"]}]},{"@type":"ImageObject","inLanguage":"fi","@id":"https:\/\/vikenpelti.fi\/index.php\/tarinamme\/#primaryimage","url":"https:\/\/vikenpelti.fi\/wp-content\/uploads\/2025\/03\/Heikinkatu-2_netti-8.webp","contentUrl":"https:\/\/vikenpelti.fi\/wp-content\/uploads\/2025\/03\/Heikinkatu-2_netti-8.webp","width":1709,"height":1280},{"@type":"BreadcrumbList","@id":"https:\/\/vikenpelti.fi\/index.php\/tarinamme\/#breadcrumb","itemListElement":[{"@type":"ListItem","position":1,"name":"Etusivu","item":"https:\/\/vikenpelti.fi\/"},{"@type":"ListItem","position":2,"name":"Tarinamme"}]},{"@type":"WebSite","@id":"https:\/\/vikenpelti.fi\/#website","url":"https:\/\/vikenpelti.fi\/","name":"Viken Pelti","description":"","potentialAction":[{"@type":"SearchAction","target":{"@type":"EntryPoint","urlTemplate":"https:\/\/vikenpelti.fi\/?s={search_term_string}"},"query-input":{"@type":"PropertyValueSpecification","valueRequired":true,"valueName":"search_term_string"}}],"inLanguage":"fi"}]}},"_links":{"self":[{"href":"https:\/\/vikenpelti.fi\/index.php\/wp-json\/wp\/v2\/pages\/59","targetHints":{"allow":["GET"]}}],"collection":[{"href":"https:\/\/vikenpelti.fi\/index.php\/wp-json\/wp\/v2\/pages"}],"about":[{"href":"https:\/\/vikenpelti.fi\/index.php\/wp-json\/wp\/v2\/types\/page"}],"author":[{"embeddable":true,"href":"https:\/\/vikenpelti.fi\/index.php\/wp-json\/wp\/v2\/users\/2"}],"replies":[{"embeddable":true,"href":"https:\/\/vikenpelti.fi\/index.php\/wp-json\/wp\/v2\/comments?post=59"}],"version-history":[{"count":33,"href":"https:\/\/vikenpelti.fi\/index.php\/wp-json\/wp\/v2\/pages\/59\/revisions"}],"predecessor-version":[{"id":2539,"href":"https:\/\/vikenpelti.fi\/index.php\/wp-json\/wp\/v2\/pages\/59\/revisions\/2539"}],"wp:featuredmedia":[{"embeddable":true,"href":"https:\/\/vikenpelti.fi\/index.php\/wp-json\/wp\/v2\/media\/991"}],"wp:attachment":[{"href":"https:\/\/vikenpelti.fi\/index.php\/wp-json\/wp\/v2\/media?parent=59"}],"curies":[{"name":"wp","href":"https:\/\/api.w.org\/{rel}","templated":true}]}}